{"id":1374,"date":"2021-03-07T00:19:05","date_gmt":"2021-03-06T20:19:05","guid":{"rendered":"https:\/\/www.ansamb-elles.re\/?page_id=1374"},"modified":"2021-03-08T19:20:14","modified_gmt":"2021-03-08T15:20:14","slug":"mentions-legales","status":"publish","type":"page","link":"https:\/\/www.ansamb-elles.re\/index.php\/mentions-legales\/","title":{"rendered":"Mentions L\u00e9gales"},"content":{"rendered":"<div class=\"fusion-fullwidth fullwidth-box fusion-builder-row-1 fusion-flex-container nonhundred-percent-fullwidth non-hundred-percent-height-scrolling\" style=\"background-color: rgba(255,255,255,0);background-position: center center;background-repeat: no-repeat;border-width: 0px 0px 0px 0px;border-color:#eae9e9;border-style:solid;\" ><div class=\"fusion-builder-row fusion-row fusion-flex-align-items-flex-start\" style=\"max-width:1216.8px;margin-left: calc(-4% \/ 2 );margin-right: calc(-4% \/ 2 );\"><div class=\"fusion-layout-column fusion_builder_column fusion-builder-column-0 fusion_builder_column_1_1 1_1 fusion-flex-column\"><div class=\"fusion-column-wrapper fusion-flex-justify-content-flex-start fusion-content-layout-column\" style=\"background-position:left top;background-repeat:no-repeat;-webkit-background-size:cover;-moz-background-size:cover;-o-background-size:cover;background-size:cover;padding: 0px 0px 0px 0px;\"><style type=\"text\/css\">@media only screen and (max-width:1024px) {.fusion-title.fusion-title-1{margin-top:200px!important;margin-bottom:31px!important;}}<\/style><div class=\"fusion-title title fusion-title-1 fusion-sep-none fusion-title-text fusion-title-size-one\" style=\"margin-top:200px;margin-bottom:31px;\"><h1 class=\"title-heading-left\" style=\"margin:0;\"><p style=\"text-align: center;\">Mentions L\u00e9gales<\/p><\/h1><\/div><div class=\"fusion-separator\" style=\"align-self: center;margin-left: auto;margin-right: auto;margin-bottom:40px;width:100%;max-width:200px;\"><div class=\"fusion-separator-border sep-single\" style=\"border-color:#f39322;border-top-width:3px;\"><\/div><\/div><div class=\"fusion-text fusion-text-1\" style=\"transform:translate3d(0,0,0);\"><p><b>Ce site est \u00e9dit\u00e9 par :<\/b><br \/>\nAnsamb&rsquo;Elles (Organisation \u00e0 but non lucratif, loi 1901)<br \/>\n44 rue Th\u00e9r\u00e9sien Cadet 97490 Sainte-Clotilde<br \/>\nT\u00e9l. 06 93 45 06 96<br \/>\nN\u00b0 Siret : 890 371 750 00013<br \/>\nCode APE : 9499Z<\/p>\n<p><b>Directrice de la publication :<\/b><br \/>\nMme BEGUE Elodie<\/p>\n<hr \/>\n<p><b>Ce site est h\u00e9berg\u00e9 par :<\/b><br \/>\nOVH<br \/>\nSAS au capital de 10 069 020 \u20ac<br \/>\nRCS Lille M\u00e9tropole 424 761 419 00045<br \/>\nCode APE 2620Z<br \/>\nN\u00b0 TVA : FR 22 424 761 419<br \/>\nSi\u00e8ge social : 2 rue Kellermann &#8211; 59100 Roubaix &#8211; France<\/p>\n<hr \/>\n<p><b>Respect des droits d\u2019auteur<\/b><br \/>\nSauf mention contraire, les droits de propri\u00e9t\u00e9 intellectuelle sur les documents contenus dans le site (textes, images etc.) et chacun des \u00e9l\u00e9ments cr\u00e9\u00e9s pour ce site sont la propri\u00e9t\u00e9 exclusive d&rsquo;Ansamb&rsquo;Elles.<br \/>\nL&rsquo;utilisation ou la reproduction de tous \u00e9l\u00e9ments publi\u00e9s sur le site ansamb-elles.re est express\u00e9ment interdite (art. 122.4 du code de la propri\u00e9t\u00e9 intellectuelle).<\/p>\n<hr \/>\n<p><b>Respect de la vie priv\u00e9e et des donn\u00e9es personnelles<\/b><br \/>\nVous disposez d&rsquo;un droit d&rsquo;acc\u00e8s, de modification, de rectification et de suppression des donn\u00e9es &#8211; nom, adresse, num\u00e9ro de t\u00e9l\u00e9phone, adresse \u00e9lectronique &#8211; qui vous concernent (art.34 de la loi \u00ab\u00a0Informatique et Libert\u00e9s\u00a0\u00bb n\u00ba 78-17 du 16 janvier 1978).<br \/>\nPour l&rsquo;exercer, adressez-vous \u00e0 : Ansamb&rsquo;Elles, direction@ansamb-elles.re<\/p>\n<\/div><\/div><\/div><style type=\"text\/css\">.fusion-body .fusion-builder-column-0{width:100% !important;margin-top : 0px;margin-bottom : 20px;}.fusion-builder-column-0 > .fusion-column-wrapper {padding-top : 0px !important;padding-right : 0px !important;margin-right : 1.92%;padding-bottom : 0px !important;padding-left : 0px !important;margin-left : 1.92%;}@media only screen and (max-width:1024px) {.fusion-body .fusion-builder-column-0{width:100% !important;order : 0;}.fusion-builder-column-0 > .fusion-column-wrapper {margin-right : 1.92%;margin-left : 1.92%;}}@media only screen and (max-width:640px) {.fusion-body .fusion-builder-column-0{width:100% !important;order : 0;}.fusion-builder-column-0 > .fusion-column-wrapper {margin-right : 1.92%;margin-left : 1.92%;}}<\/style><\/div><style type=\"text\/css\">.fusion-body .fusion-flex-container.fusion-builder-row-1{ padding-top : 0px;margin-top : 0px;padding-right : 0px;padding-bottom : 0px;margin-bottom : 0px;padding-left : 0px;}<\/style><\/div>\n","protected":false},"excerpt":{"rendered":"","protected":false},"author":1,"featured_media":0,"parent":0,"menu_order":0,"comment_status":"closed","ping_status":"closed","template":"","meta":{"_bbp_topic_count":0,"_bbp_reply_count":0,"_bbp_total_topic_count":0,"_bbp_total_reply_count":0,"_bbp_voice_count":0,"_bbp_anonymous_reply_count":0,"_bbp_topic_count_hidden":0,"_bbp_reply_count_hidden":0,"_bbp_forum_subforum_count":0,"footnotes":""},"class_list":["post-1374","page","type-page","status-publish","hentry"],"yoast_head":"<!-- This site is optimized with the Yoast SEO plugin v24.9 - https:\/\/yoast.com\/wordpress\/plugins\/seo\/ -->\n<title>Mentions L\u00e9gales - Ansamb&#039;Elles<\/title>\n<meta name=\"robots\" content=\"index, follow, max-snippet:-1, max-image-preview:large, max-video-preview:-1\" \/>\n<link rel=\"canonical\" href=\"https:\/\/www.ansamb-elles.re\/index.php\/mentions-legales\/\" \/>\n<meta property=\"og:locale\" content=\"fr_FR\" \/>\n<meta property=\"og:type\" content=\"article\" \/>\n<meta property=\"og:title\" content=\"Mentions L\u00e9gales - Ansamb&#039;Elles\" \/>\n<meta property=\"og:url\" content=\"https:\/\/www.ansamb-elles.re\/index.php\/mentions-legales\/\" \/>\n<meta property=\"og:site_name\" content=\"Ansamb&#039;Elles\" \/>\n<meta property=\"article:publisher\" content=\"https:\/\/www.facebook.com\/AnsambEllesReunion\" \/>\n<meta property=\"article:modified_time\" content=\"2021-03-08T15:20:14+00:00\" \/>\n<meta name=\"twitter:card\" content=\"summary_large_image\" \/>\n<meta name=\"twitter:label1\" content=\"Dur\u00e9e de lecture estim\u00e9e\" \/>\n\t<meta name=\"twitter:data1\" content=\"5 minutes\" \/>\n<script type=\"application\/ld+json\" class=\"yoast-schema-graph\">{\"@context\":\"https:\/\/schema.org\",\"@graph\":[{\"@type\":\"WebPage\",\"@id\":\"https:\/\/www.ansamb-elles.re\/index.php\/mentions-legales\/\",\"url\":\"https:\/\/www.ansamb-elles.re\/index.php\/mentions-legales\/\",\"name\":\"Mentions L\u00e9gales - Ansamb&#039;Elles\",\"isPartOf\":{\"@id\":\"https:\/\/www.ansamb-elles.re\/#website\"},\"datePublished\":\"2021-03-06T20:19:05+00:00\",\"dateModified\":\"2021-03-08T15:20:14+00:00\",\"breadcrumb\":{\"@id\":\"https:\/\/www.ansamb-elles.re\/index.php\/mentions-legales\/#breadcrumb\"},\"inLanguage\":\"fr-FR\",\"potentialAction\":[{\"@type\":\"ReadAction\",\"target\":[\"https:\/\/www.ansamb-elles.re\/index.php\/mentions-legales\/\"]}]},{\"@type\":\"BreadcrumbList\",\"@id\":\"https:\/\/www.ansamb-elles.re\/index.php\/mentions-legales\/#breadcrumb\",\"itemListElement\":[{\"@type\":\"ListItem\",\"position\":1,\"name\":\"Accueil\",\"item\":\"https:\/\/www.ansamb-elles.re\/\"},{\"@type\":\"ListItem\",\"position\":2,\"name\":\"Mentions L\u00e9gales\"}]},{\"@type\":\"WebSite\",\"@id\":\"https:\/\/www.ansamb-elles.re\/#website\",\"url\":\"https:\/\/www.ansamb-elles.re\/\",\"name\":\"Ansamb&#039;Elles\",\"description\":\"R\u00e9seau de Femmes Entrepreneures \u00e0 La R\u00e9union\",\"potentialAction\":[{\"@type\":\"SearchAction\",\"target\":{\"@type\":\"EntryPoint\",\"urlTemplate\":\"https:\/\/www.ansamb-elles.re\/?s={search_term_string}\"},\"query-input\":{\"@type\":\"PropertyValueSpecification\",\"valueRequired\":true,\"valueName\":\"search_term_string\"}}],\"inLanguage\":\"fr-FR\"}]}<\/script>\n<!-- \/ Yoast SEO plugin. -->","yoast_head_json":{"title":"Mentions L\u00e9gales - Ansamb&#039;Elles","robots":{"index":"index","follow":"follow","max-snippet":"max-snippet:-1","max-image-preview":"max-image-preview:large","max-video-preview":"max-video-preview:-1"},"canonical":"https:\/\/www.ansamb-elles.re\/index.php\/mentions-legales\/","og_locale":"fr_FR","og_type":"article","og_title":"Mentions L\u00e9gales - Ansamb&#039;Elles","og_url":"https:\/\/www.ansamb-elles.re\/index.php\/mentions-legales\/","og_site_name":"Ansamb&#039;Elles","article_publisher":"https:\/\/www.facebook.com\/AnsambEllesReunion","article_modified_time":"2021-03-08T15:20:14+00:00","twitter_card":"summary_large_image","twitter_misc":{"Dur\u00e9e de lecture estim\u00e9e":"5 minutes"},"schema":{"@context":"https:\/\/schema.org","@graph":[{"@type":"WebPage","@id":"https:\/\/www.ansamb-elles.re\/index.php\/mentions-legales\/","url":"https:\/\/www.ansamb-elles.re\/index.php\/mentions-legales\/","name":"Mentions L\u00e9gales - Ansamb&#039;Elles","isPartOf":{"@id":"https:\/\/www.ansamb-elles.re\/#website"},"datePublished":"2021-03-06T20:19:05+00:00","dateModified":"2021-03-08T15:20:14+00:00","breadcrumb":{"@id":"https:\/\/www.ansamb-elles.re\/index.php\/mentions-legales\/#breadcrumb"},"inLanguage":"fr-FR","potentialAction":[{"@type":"ReadAction","target":["https:\/\/www.ansamb-elles.re\/index.php\/mentions-legales\/"]}]},{"@type":"BreadcrumbList","@id":"https:\/\/www.ansamb-elles.re\/index.php\/mentions-legales\/#breadcrumb","itemListElement":[{"@type":"ListItem","position":1,"name":"Accueil","item":"https:\/\/www.ansamb-elles.re\/"},{"@type":"ListItem","position":2,"name":"Mentions L\u00e9gales"}]},{"@type":"WebSite","@id":"https:\/\/www.ansamb-elles.re\/#website","url":"https:\/\/www.ansamb-elles.re\/","name":"Ansamb&#039;Elles","description":"R\u00e9seau de Femmes Entrepreneures \u00e0 La R\u00e9union","potentialAction":[{"@type":"SearchAction","target":{"@type":"EntryPoint","urlTemplate":"https:\/\/www.ansamb-elles.re\/?s={search_term_string}"},"query-input":{"@type":"PropertyValueSpecification","valueRequired":true,"valueName":"search_term_string"}}],"inLanguage":"fr-FR"}]}},"_links":{"self":[{"href":"https:\/\/www.ansamb-elles.re\/index.php\/wp-json\/wp\/v2\/pages\/1374","targetHints":{"allow":["GET"]}}],"collection":[{"href":"https:\/\/www.ansamb-elles.re\/index.php\/wp-json\/wp\/v2\/pages"}],"about":[{"href":"https:\/\/www.ansamb-elles.re\/index.php\/wp-json\/wp\/v2\/types\/page"}],"author":[{"embeddable":true,"href":"https:\/\/www.ansamb-elles.re\/index.php\/wp-json\/wp\/v2\/users\/1"}],"replies":[{"embeddable":true,"href":"https:\/\/www.ansamb-elles.re\/index.php\/wp-json\/wp\/v2\/comments?post=1374"}],"version-history":[{"count":5,"href":"https:\/\/www.ansamb-elles.re\/index.php\/wp-json\/wp\/v2\/pages\/1374\/revisions"}],"predecessor-version":[{"id":1379,"href":"https:\/\/www.ansamb-elles.re\/index.php\/wp-json\/wp\/v2\/pages\/1374\/revisions\/1379"}],"wp:attachment":[{"href":"https:\/\/www.ansamb-elles.re\/index.php\/wp-json\/wp\/v2\/media?parent=1374"}],"curies":[{"name":"wp","href":"https:\/\/api.w.org\/{rel}","templated":true}]}}